{"id":5713,"date":"2025-12-01T15:23:46","date_gmt":"2025-12-01T15:23:46","guid":{"rendered":"https:\/\/pruebas.cfaura.com\/?page_id=5713"},"modified":"2025-12-18T16:44:22","modified_gmt":"2025-12-18T16:44:22","slug":"categorias","status":"publish","type":"page","link":"https:\/\/www.cfaura.com\/categorias\/","title":{"rendered":"Categor\u00edas"},"content":{"rendered":"\t\t<div data-elementor-type=\"wp-page\" data-elementor-id=\"5713\" class=\"elementor elementor-5713\">\n\t\t\t\t<div class=\"elementor-element elementor-element-d240db4 e-flex e-con-boxed wpr-particle-no wpr-jarallax-no wpr-parallax-no wpr-sticky-section-no wpr-equal-height-no e-con e-parent\" data-id=\"d240db4\" data-element_type=\"container\" data-e-type=\"container\">\n\t\t\t\t\t<div class=\"e-con-inner\">\n\t\t<div class=\"elementor-element elementor-element-4721cd6 e-con-full e-flex wpr-particle-no wpr-jarallax-no wpr-parallax-no wpr-sticky-section-no wpr-equal-height-no e-con e-child\" data-id=\"4721cd6\" data-element_type=\"container\" data-e-type=\"container\">\n\t\t\t\t<div class=\"elementor-element elementor-element-5ce44a7 elementor-widget__width-initial elementor-widget elementor-widget-heading\" data-id=\"5ce44a7\" data-element_type=\"widget\" data-e-type=\"widget\" data-widget_type=\"heading.default\">\n\t\t\t\t\t<h1 class=\"elementor-heading-title elementor-size-default\">Nuestras <br> Categor\u00edas Populares<\/h1>\t\t\t\t<\/div>\n\t\t\t\t<div class=\"elementor-element elementor-element-1025221 elementor-view-default elementor-widget elementor-widget-icon\" data-id=\"1025221\" data-element_type=\"widget\" data-e-type=\"widget\" data-widget_type=\"icon.default\">\n\t\t\t\t\t\t\t<div class=\"elementor-icon-wrapper\">\n\t\t\t<div class=\"elementor-icon\">\n\t\t\t<svg aria-hidden=\"true\" class=\"e-font-icon-svg e-fas-angle-down\" viewBox=\"0 0 320 512\" xmlns=\"http:\/\/www.w3.org\/2000\/svg\"><path d=\"M143 352.3L7 216.3c-9.4-9.4-9.4-24.6 0-33.9l22.6-22.6c9.4-9.4 24.6-9.4 33.9 0l96.4 96.4 96.4-96.4c9.4-9.4 24.6-9.4 33.9 0l22.6 22.6c9.4 9.4 9.4 24.6 0 33.9l-136 136c-9.2 9.4-24.4 9.4-33.8 0z\"><\/path><\/svg>\t\t\t<\/div>\n\t\t<\/div>\n\t\t\t\t\t\t<\/div>\n\t\t\t\t<\/div>\n\t\t\t\t\t<\/div>\n\t\t\t\t<\/div>\n\t\t<div class=\"elementor-element elementor-element-dad8108 e-con-full elementor-hidden-mobile e-flex wpr-particle-no wpr-jarallax-no wpr-parallax-no wpr-sticky-section-no wpr-equal-height-no e-con e-parent\" data-id=\"dad8108\" data-element_type=\"container\" data-e-type=\"container\">\n\t\t<div class=\"elementor-element elementor-element-35e3da1 e-con-full e-flex wpr-particle-no wpr-jarallax-no wpr-parallax-no wpr-sticky-section-no wpr-equal-height-no e-con e-child\" data-id=\"35e3da1\" data-element_type=\"container\" data-e-type=\"container\">\n\t\t<div class=\"elementor-element elementor-element-19e645e e-con-full e-flex wpr-particle-no wpr-jarallax-no wpr-parallax-no wpr-sticky-section-no wpr-equal-height-no e-con e-child\" data-id=\"19e645e\" data-element_type=\"container\" data-e-type=\"container\">\n\t\t\t\t<div class=\"elementor-element elementor-element-f94f19a product-cat-style-1 elementor-widget elementor-widget-tmcore-product-categories\" data-id=\"f94f19a\" data-element_type=\"widget\" data-e-type=\"widget\" data-widget_type=\"tmcore-product-categories.default\">\n\t\t\t\t<div class=\"elementor-widget-container\">\n\t\t\t\t\t\n            <div class=\"product-cat\">\n                \n                                <div class=\"cat-image\">\n\t\t\t\t\t                    <a class=\"link_category_product\" href=\"https:\/\/www.cfaura.com\/product-category\/cesped-artificial\/\" title=\"C\u00e9sped Artificial\">\n                        <img decoding=\"async\" src=\"https:\/\/www.cfaura.com\/wp-content\/uploads\/2025\/09\/SLIDER-WEB-4-600x600.jpg\" alt=\"C\u00e9sped Artificial\">\n                    <\/a>\n\t\t\t\t\t                                    <\/div>\n                \n                <div class=\"cat-title\">\n                    <a href=\"https:\/\/www.cfaura.com\/product-category\/cesped-artificial\/\" title=\"C\u00e9sped Artificial\">\n                        C\u00e9sped Artificial                    <\/a>\n                <\/div>\n\n                \n                            <\/div>\n            \t\t\t\t<\/div>\n\t\t\t\t<\/div>\n\t\t\t\t<\/div>\n\t\t<div class=\"elementor-element elementor-element-88372cd e-con-full e-flex wpr-particle-no wpr-jarallax-no wpr-parallax-no wpr-sticky-section-no wpr-equal-height-no e-con e-child\" data-id=\"88372cd\" data-element_type=\"container\" data-e-type=\"container\">\n\t\t\t\t<div class=\"elementor-element elementor-element-adf801b product-cat-style-1 elementor-widget elementor-widget-tmcore-product-categories\" data-id=\"adf801b\" data-element_type=\"widget\" data-e-type=\"widget\" data-widget_type=\"tmcore-product-categories.default\">\n\t\t\t\t<div class=\"elementor-widget-container\">\n\t\t\t\t\t\n            <div class=\"product-cat\">\n                \n                                <div class=\"cat-image\">\n\t\t\t\t\t                    <a class=\"link_category_product\" href=\"https:\/\/www.cfaura.com\/product-category\/ocultacion\/\" title=\"Ocultaci\u00f3n\">\n                        <img decoding=\"async\" src=\"https:\/\/www.cfaura.com\/wp-content\/uploads\/2025\/09\/SLIDER-WEB-2-600x600.jpg\" alt=\"Ocultaci\u00f3n\">\n                    <\/a>\n\t\t\t\t\t                                    <\/div>\n                \n                <div class=\"cat-title\">\n                    <a href=\"https:\/\/www.cfaura.com\/product-category\/ocultacion\/\" title=\"Ocultaci\u00f3n\">\n                        Ocultaci\u00f3n                    <\/a>\n                <\/div>\n\n                \n                            <\/div>\n            \t\t\t\t<\/div>\n\t\t\t\t<\/div>\n\t\t\t\t<\/div>\n\t\t<div class=\"elementor-element elementor-element-27b21a0 e-con-full e-flex wpr-particle-no wpr-jarallax-no wpr-parallax-no wpr-sticky-section-no wpr-equal-height-no e-con e-child\" data-id=\"27b21a0\" data-element_type=\"container\" data-e-type=\"container\">\n\t\t\t\t<div class=\"elementor-element elementor-element-bbe8506 product-cat-style-1 elementor-widget elementor-widget-tmcore-product-categories\" data-id=\"bbe8506\" data-element_type=\"widget\" data-e-type=\"widget\" data-widget_type=\"tmcore-product-categories.default\">\n\t\t\t\t<div class=\"elementor-widget-container\">\n\t\t\t\t\t\n            <div class=\"product-cat\">\n                \n                                <div class=\"cat-image\">\n\t\t\t\t\t                    <a class=\"link_category_product\" href=\"https:\/\/www.cfaura.com\/product-category\/jardin\/\" title=\"Jard\u00edn\">\n                        <img decoding=\"async\" src=\"https:\/\/www.cfaura.com\/wp-content\/uploads\/2025\/09\/SLIDER-WEB-600x600.png\" alt=\"Jard\u00edn\">\n                    <\/a>\n\t\t\t\t\t                                    <\/div>\n                \n                <div class=\"cat-title\">\n                    <a href=\"https:\/\/www.cfaura.com\/product-category\/jardin\/\" title=\"Jard\u00edn\">\n                        Jard\u00edn                    <\/a>\n                <\/div>\n\n                \n                            <\/div>\n            \t\t\t\t<\/div>\n\t\t\t\t<\/div>\n\t\t\t\t<\/div>\n\t\t\t\t<\/div>\n\t\t\t\t<\/div>\n\t\t<div class=\"elementor-element elementor-element-01def59 e-con-full elementor-hidden-mobile e-flex wpr-particle-no wpr-jarallax-no wpr-parallax-no wpr-sticky-section-no wpr-equal-height-no e-con e-parent\" data-id=\"01def59\" data-element_type=\"container\" data-e-type=\"container\">\n\t\t<div class=\"elementor-element elementor-element-b9db283 e-con-full e-flex wpr-particle-no wpr-jarallax-no wpr-parallax-no wpr-sticky-section-no wpr-equal-height-no e-con e-child\" data-id=\"b9db283\" data-element_type=\"container\" data-e-type=\"container\">\n\t\t<div class=\"elementor-element elementor-element-990cc48 e-con-full e-flex wpr-particle-no wpr-jarallax-no wpr-parallax-no wpr-sticky-section-no wpr-equal-height-no e-con e-child\" data-id=\"990cc48\" data-element_type=\"container\" data-e-type=\"container\">\n\t\t\t\t<div class=\"elementor-element elementor-element-2ddf921 product-cat-style-1 elementor-widget elementor-widget-tmcore-product-categories\" data-id=\"2ddf921\" data-element_type=\"widget\" data-e-type=\"widget\" data-widget_type=\"tmcore-product-categories.default\">\n\t\t\t\t<div class=\"elementor-widget-container\">\n\t\t\t\t\t\n            <div class=\"product-cat\">\n                \n                                <div class=\"cat-image\">\n\t\t\t\t\t                    <a class=\"link_category_product\" href=\"https:\/\/www.cfaura.com\/product-category\/decoracion\/\" title=\"Decoraci\u00f3n\">\n                        <img decoding=\"async\" src=\"https:\/\/www.cfaura.com\/wp-content\/uploads\/2025\/09\/SLIDER-WEB-6-600x600.jpg\" alt=\"Decoraci\u00f3n\">\n                    <\/a>\n\t\t\t\t\t                                    <\/div>\n                \n                <div class=\"cat-title\">\n                    <a href=\"https:\/\/www.cfaura.com\/product-category\/decoracion\/\" title=\"Decoraci\u00f3n\">\n                        Decoraci\u00f3n                    <\/a>\n                <\/div>\n\n                \n                            <\/div>\n            \t\t\t\t<\/div>\n\t\t\t\t<\/div>\n\t\t\t\t<\/div>\n\t\t<div class=\"elementor-element elementor-element-a36c962 e-con-full e-flex wpr-particle-no wpr-jarallax-no wpr-parallax-no wpr-sticky-section-no wpr-equal-height-no e-con e-child\" data-id=\"a36c962\" data-element_type=\"container\" data-e-type=\"container\">\n\t\t\t\t<div class=\"elementor-element elementor-element-d07ef4b product-cat-style-1 elementor-widget elementor-widget-tmcore-product-categories\" data-id=\"d07ef4b\" data-element_type=\"widget\" data-e-type=\"widget\" data-widget_type=\"tmcore-product-categories.default\">\n\t\t\t\t<div class=\"elementor-widget-container\">\n\t\t\t\t\t\n            <div class=\"product-cat\">\n                \n                                <div class=\"cat-image\">\n\t\t\t\t\t                    <a class=\"link_category_product\" href=\"https:\/\/www.cfaura.com\/product-category\/agricola\/\" title=\"Agr\u00edcola\">\n                        <img decoding=\"async\" src=\"https:\/\/www.cfaura.com\/wp-content\/uploads\/2025\/09\/SLIDER-WEB-5-600x600.jpg\" alt=\"Agr\u00edcola\">\n                    <\/a>\n\t\t\t\t\t                                    <\/div>\n                \n                <div class=\"cat-title\">\n                    <a href=\"https:\/\/www.cfaura.com\/product-category\/agricola\/\" title=\"Agr\u00edcola\">\n                        Agr\u00edcola                    <\/a>\n                <\/div>\n\n                \n                            <\/div>\n            \t\t\t\t<\/div>\n\t\t\t\t<\/div>\n\t\t\t\t<\/div>\n\t\t<div class=\"elementor-element elementor-element-c71e236 e-con-full e-flex wpr-particle-no wpr-jarallax-no wpr-parallax-no wpr-sticky-section-no wpr-equal-height-no e-con e-child\" data-id=\"c71e236\" data-element_type=\"container\" data-e-type=\"container\">\n\t\t\t\t<div class=\"elementor-element elementor-element-e571ee7 product-cat-style-1 elementor-widget elementor-widget-tmcore-product-categories\" data-id=\"e571ee7\" data-element_type=\"widget\" data-e-type=\"widget\" data-widget_type=\"tmcore-product-categories.default\">\n\t\t\t\t<div class=\"elementor-widget-container\">\n\t\t\t\t\t\n            <div class=\"product-cat\">\n                \n                                <div class=\"cat-image\">\n\t\t\t\t\t                    <a class=\"link_category_product\" href=\"https:\/\/www.cfaura.com\/product-category\/construccion\/\" title=\"Construcci\u00f3n\">\n                        <img decoding=\"async\" src=\"https:\/\/www.cfaura.com\/wp-content\/uploads\/2025\/09\/SLIDER-WEB-1-600x600.jpg\" alt=\"Construcci\u00f3n\">\n                    <\/a>\n\t\t\t\t\t                                    <\/div>\n                \n                <div class=\"cat-title\">\n                    <a href=\"https:\/\/www.cfaura.com\/product-category\/construccion\/\" title=\"Construcci\u00f3n\">\n                        Construcci\u00f3n                    <\/a>\n                <\/div>\n\n                \n                            <\/div>\n            \t\t\t\t<\/div>\n\t\t\t\t<\/div>\n\t\t\t\t<\/div>\n\t\t\t\t<\/div>\n\t\t\t\t<\/div>\n\t\t<div class=\"elementor-element elementor-element-1459724 e-con-full elementor-hidden-desktop elementor-hidden-tablet e-flex wpr-particle-no wpr-jarallax-no wpr-parallax-no wpr-sticky-section-no wpr-equal-height-no e-con e-parent\" data-id=\"1459724\" data-element_type=\"container\" data-e-type=\"container\">\n\t\t<div class=\"elementor-element elementor-element-38bccbf e-flex e-con-boxed wpr-particle-no wpr-jarallax-no wpr-parallax-no wpr-sticky-section-no wpr-equal-height-no e-con e-child\" data-id=\"38bccbf\" data-element_type=\"container\" data-e-type=\"container\">\n\t\t\t\t\t<div class=\"e-con-inner\">\n\t\t<div class=\"elementor-element elementor-element-0f605a4 e-con-full e-flex wpr-particle-no wpr-jarallax-no wpr-parallax-no wpr-sticky-section-no wpr-equal-height-no e-con e-child\" data-id=\"0f605a4\" data-element_type=\"container\" data-e-type=\"container\">\n\t\t\t\t<div class=\"elementor-element elementor-element-d02151c product-cat-style-1 elementor-widget elementor-widget-tmcore-product-categories\" data-id=\"d02151c\" data-element_type=\"widget\" data-e-type=\"widget\" data-widget_type=\"tmcore-product-categories.default\">\n\t\t\t\t<div class=\"elementor-widget-container\">\n\t\t\t\t\t\n            <div class=\"product-cat\">\n                \n                                <div class=\"cat-image\">\n\t\t\t\t\t                    <a class=\"link_category_product\" href=\"https:\/\/www.cfaura.com\/product-category\/cesped-artificial\/\" title=\"C\u00e9sped Artificial\">\n                        <img decoding=\"async\" src=\"https:\/\/www.cfaura.com\/wp-content\/uploads\/2025\/09\/SLIDER-WEB-4-600x600.jpg\" alt=\"C\u00e9sped Artificial\">\n                    <\/a>\n\t\t\t\t\t                                    <\/div>\n                \n                <div class=\"cat-title\">\n                    <a href=\"https:\/\/www.cfaura.com\/product-category\/cesped-artificial\/\" title=\"C\u00e9sped Artificial\">\n                        C\u00e9sped Artificial                    <\/a>\n                <\/div>\n\n                \n                            <\/div>\n            \t\t\t\t<\/div>\n\t\t\t\t<\/div>\n\t\t\t\t<\/div>\n\t\t<div class=\"elementor-element elementor-element-4aa2e72 e-con-full e-flex wpr-particle-no wpr-jarallax-no wpr-parallax-no wpr-sticky-section-no wpr-equal-height-no e-con e-child\" data-id=\"4aa2e72\" data-element_type=\"container\" data-e-type=\"container\">\n\t\t\t\t<div class=\"elementor-element elementor-element-8b3a922 product-cat-style-1 elementor-widget elementor-widget-tmcore-product-categories\" data-id=\"8b3a922\" data-element_type=\"widget\" data-e-type=\"widget\" data-widget_type=\"tmcore-product-categories.default\">\n\t\t\t\t<div class=\"elementor-widget-container\">\n\t\t\t\t\t\n            <div class=\"product-cat\">\n                \n                                <div class=\"cat-image\">\n\t\t\t\t\t                    <a class=\"link_category_product\" href=\"https:\/\/www.cfaura.com\/product-category\/ocultacion\/\" title=\"Ocultaci\u00f3n\">\n                        <img decoding=\"async\" src=\"https:\/\/www.cfaura.com\/wp-content\/uploads\/2025\/09\/SLIDER-WEB-2-600x600.jpg\" alt=\"Ocultaci\u00f3n\">\n                    <\/a>\n\t\t\t\t\t                                    <\/div>\n                \n                <div class=\"cat-title\">\n                    <a href=\"https:\/\/www.cfaura.com\/product-category\/ocultacion\/\" title=\"Ocultaci\u00f3n\">\n                        Ocultaci\u00f3n                    <\/a>\n                <\/div>\n\n                \n                            <\/div>\n            \t\t\t\t<\/div>\n\t\t\t\t<\/div>\n\t\t\t\t<\/div>\n\t\t<div class=\"elementor-element elementor-element-8f6c949 e-con-full e-flex wpr-particle-no wpr-jarallax-no wpr-parallax-no wpr-sticky-section-no wpr-equal-height-no e-con e-child\" data-id=\"8f6c949\" data-element_type=\"container\" data-e-type=\"container\">\n\t\t\t\t<div class=\"elementor-element elementor-element-a93dd35 product-cat-style-1 elementor-widget elementor-widget-tmcore-product-categories\" data-id=\"a93dd35\" data-element_type=\"widget\" data-e-type=\"widget\" data-widget_type=\"tmcore-product-categories.default\">\n\t\t\t\t<div class=\"elementor-widget-container\">\n\t\t\t\t\t\n            <div class=\"product-cat\">\n                \n                                <div class=\"cat-image\">\n\t\t\t\t\t                    <a class=\"link_category_product\" href=\"https:\/\/www.cfaura.com\/product-category\/jardin\/\" title=\"Jard\u00edn\">\n                        <img decoding=\"async\" src=\"https:\/\/www.cfaura.com\/wp-content\/uploads\/2025\/09\/SLIDER-WEB-600x600.png\" alt=\"Jard\u00edn\">\n                    <\/a>\n\t\t\t\t\t                                    <\/div>\n                \n                <div class=\"cat-title\">\n                    <a href=\"https:\/\/www.cfaura.com\/product-category\/jardin\/\" title=\"Jard\u00edn\">\n                        Jard\u00edn                    <\/a>\n                <\/div>\n\n                \n                            <\/div>\n            \t\t\t\t<\/div>\n\t\t\t\t<\/div>\n\t\t\t\t<\/div>\n\t\t\t\t\t<\/div>\n\t\t\t\t<\/div>\n\t\t<div class=\"elementor-element elementor-element-81e0494 e-flex e-con-boxed wpr-particle-no wpr-jarallax-no wpr-parallax-no wpr-sticky-section-no wpr-equal-height-no e-con e-child\" data-id=\"81e0494\" data-element_type=\"container\" data-e-type=\"container\">\n\t\t\t\t\t<div class=\"e-con-inner\">\n\t\t<div class=\"elementor-element elementor-element-c3eddbd e-con-full e-flex wpr-particle-no wpr-jarallax-no wpr-parallax-no wpr-sticky-section-no wpr-equal-height-no e-con e-child\" data-id=\"c3eddbd\" data-element_type=\"container\" data-e-type=\"container\">\n\t\t\t\t<div class=\"elementor-element elementor-element-cf146b1 product-cat-style-1 elementor-widget elementor-widget-tmcore-product-categories\" data-id=\"cf146b1\" data-element_type=\"widget\" data-e-type=\"widget\" data-widget_type=\"tmcore-product-categories.default\">\n\t\t\t\t<div class=\"elementor-widget-container\">\n\t\t\t\t\t\n            <div class=\"product-cat\">\n                \n                                <div class=\"cat-image\">\n\t\t\t\t\t                    <a class=\"link_category_product\" href=\"https:\/\/www.cfaura.com\/product-category\/decoracion\/\" title=\"Decoraci\u00f3n\">\n                        <img decoding=\"async\" src=\"https:\/\/www.cfaura.com\/wp-content\/uploads\/2025\/09\/SLIDER-WEB-6-600x600.jpg\" alt=\"Decoraci\u00f3n\">\n                    <\/a>\n\t\t\t\t\t                                    <\/div>\n                \n                <div class=\"cat-title\">\n                    <a href=\"https:\/\/www.cfaura.com\/product-category\/decoracion\/\" title=\"Decoraci\u00f3n\">\n                        Decoraci\u00f3n                    <\/a>\n                <\/div>\n\n                \n                            <\/div>\n            \t\t\t\t<\/div>\n\t\t\t\t<\/div>\n\t\t\t\t<\/div>\n\t\t<div class=\"elementor-element elementor-element-0968d60 e-con-full e-flex wpr-particle-no wpr-jarallax-no wpr-parallax-no wpr-sticky-section-no wpr-equal-height-no e-con e-child\" data-id=\"0968d60\" data-element_type=\"container\" data-e-type=\"container\">\n\t\t\t\t<div class=\"elementor-element elementor-element-0a68b79 product-cat-style-1 elementor-widget elementor-widget-tmcore-product-categories\" data-id=\"0a68b79\" data-element_type=\"widget\" data-e-type=\"widget\" data-widget_type=\"tmcore-product-categories.default\">\n\t\t\t\t<div class=\"elementor-widget-container\">\n\t\t\t\t\t\n            <div class=\"product-cat\">\n                \n                                <div class=\"cat-image\">\n\t\t\t\t\t                    <a class=\"link_category_product\" href=\"https:\/\/www.cfaura.com\/product-category\/agricola\/\" title=\"Agr\u00edcola\">\n                        <img decoding=\"async\" src=\"https:\/\/www.cfaura.com\/wp-content\/uploads\/2025\/09\/SLIDER-WEB-5-600x600.jpg\" alt=\"Agr\u00edcola\">\n                    <\/a>\n\t\t\t\t\t                                    <\/div>\n                \n                <div class=\"cat-title\">\n                    <a href=\"https:\/\/www.cfaura.com\/product-category\/agricola\/\" title=\"Agr\u00edcola\">\n                        Agr\u00edcola                    <\/a>\n                <\/div>\n\n                \n                            <\/div>\n            \t\t\t\t<\/div>\n\t\t\t\t<\/div>\n\t\t\t\t<\/div>\n\t\t<div class=\"elementor-element elementor-element-d8e5bbb e-con-full e-flex wpr-particle-no wpr-jarallax-no wpr-parallax-no wpr-sticky-section-no wpr-equal-height-no e-con e-child\" data-id=\"d8e5bbb\" data-element_type=\"container\" data-e-type=\"container\">\n\t\t\t\t<div class=\"elementor-element elementor-element-22e2b7e product-cat-style-1 elementor-widget elementor-widget-tmcore-product-categories\" data-id=\"22e2b7e\" data-element_type=\"widget\" data-e-type=\"widget\" data-widget_type=\"tmcore-product-categories.default\">\n\t\t\t\t<div class=\"elementor-widget-container\">\n\t\t\t\t\t\n            <div class=\"product-cat\">\n                \n                                <div class=\"cat-image\">\n\t\t\t\t\t                    <a class=\"link_category_product\" href=\"https:\/\/www.cfaura.com\/product-category\/construccion\/\" title=\"Construcci\u00f3n\">\n                        <img decoding=\"async\" src=\"https:\/\/www.cfaura.com\/wp-content\/uploads\/2025\/09\/SLIDER-WEB-1-600x600.jpg\" alt=\"Construcci\u00f3n\">\n                    <\/a>\n\t\t\t\t\t                                    <\/div>\n                \n                <div class=\"cat-title\">\n                    <a href=\"https:\/\/www.cfaura.com\/product-category\/construccion\/\" title=\"Construcci\u00f3n\">\n                        Construcci\u00f3n                    <\/a>\n                <\/div>\n\n                \n                            <\/div>\n            \t\t\t\t<\/div>\n\t\t\t\t<\/div>\n\t\t\t\t<\/div>\n\t\t\t\t\t<\/div>\n\t\t\t\t<\/div>\n\t\t\t\t<\/div>\n\t\t<div class=\"elementor-element elementor-element-8242e3a e-flex e-con-boxed wpr-particle-no wpr-jarallax-no wpr-parallax-no wpr-sticky-section-no wpr-equal-height-no e-con e-parent\" data-id=\"8242e3a\" data-element_type=\"container\" data-e-type=\"container\">\n\t\t\t\t\t<div class=\"e-con-inner\">\n\t\t\t\t<div class=\"elementor-element elementor-element-30ff4eb elementor-widget elementor-widget-spacer\" data-id=\"30ff4eb\" data-element_type=\"widget\" data-e-type=\"widget\" data-widget_type=\"spacer.default\">\n\t\t\t\t\t\t\t<div class=\"elementor-spacer\">\n\t\t\t<div class=\"elementor-spacer-inner\"><\/div>\n\t\t<\/div>\n\t\t\t\t\t\t<\/div>\n\t\t\t\t\t<\/div>\n\t\t\t\t<\/div>\n\t\t\t\t<\/div>\n\t\t","protected":false},"excerpt":{"rendered":"<p>Nuestras Categor\u00edas Populares C\u00e9sped Artificial Ocultaci\u00f3n Jard\u00edn Decoraci\u00f3n Agr\u00edcola Construcci\u00f3n C\u00e9sped Artificial Ocultaci\u00f3n Jard\u00edn Decoraci\u00f3n Agr\u00edcola Construcci\u00f3n<\/p>\n","protected":false},"author":1,"featured_media":0,"parent":0,"menu_order":0,"comment_status":"closed","ping_status":"closed","template":"","meta":{"_bst_post_transparent":"","_bst_post_title":"hide","_bst_post_layout":"fullwidth","_bst_post_sidebar_id":"","_bst_post_content_style":"unboxed","_bst_post_vertical_padding":"hide","_bst_post_feature":"hide","_bst_post_feature_position":"","_bst_post_header":false,"_bst_post_footer":false,"footnotes":""},"class_list":["post-5713","page","type-page","status-publish","hentry"],"_links":{"self":[{"href":"https:\/\/www.cfaura.com\/wp-json\/wp\/v2\/pages\/5713","targetHints":{"allow":["GET"]}}],"collection":[{"href":"https:\/\/www.cfaura.com\/wp-json\/wp\/v2\/pages"}],"about":[{"href":"https:\/\/www.cfaura.com\/wp-json\/wp\/v2\/types\/page"}],"author":[{"embeddable":true,"href":"https:\/\/www.cfaura.com\/wp-json\/wp\/v2\/users\/1"}],"replies":[{"embeddable":true,"href":"https:\/\/www.cfaura.com\/wp-json\/wp\/v2\/comments?post=5713"}],"version-history":[{"count":46,"href":"https:\/\/www.cfaura.com\/wp-json\/wp\/v2\/pages\/5713\/revisions"}],"predecessor-version":[{"id":6729,"href":"https:\/\/www.cfaura.com\/wp-json\/wp\/v2\/pages\/5713\/revisions\/6729"}],"wp:attachment":[{"href":"https:\/\/www.cfaura.com\/wp-json\/wp\/v2\/media?parent=5713"}],"curies":[{"name":"wp","href":"https:\/\/api.w.org\/{rel}","templated":true}]}}