{"id":3,"date":"2025-08-21T09:11:42","date_gmt":"2025-08-21T09:11:42","guid":{"rendered":"https:\/\/pruebas.cfaura.com\/?page_id=3"},"modified":"2025-09-04T14:36:41","modified_gmt":"2025-09-04T14:36:41","slug":"aviso-legal","status":"publish","type":"page","link":"https:\/\/www.cfaura.com\/aviso-legal\/","title":{"rendered":"Aviso Legal"},"content":{"rendered":"\n<h2 class=\"wp-block-heading\"><strong>1. OBJETO<\/strong> <\/h2>\n\n\n\n<p><strong>CA\u00d1IZOS FAURA, S.L.<\/strong>, es responsable de web. Por medio del presente documento, pone a disposici\u00f3n de los usuarios la presente informaci\u00f3n para dar cumplimiento a las obligaciones dispuestas en la Ley 34\/2002, de Servicios de la Sociedad de la Informaci\u00f3n y del Comercio Electr\u00f3nico (LSSI-CE), as\u00ed como informar a todos los usuarios del sitio web respecto a cu\u00e1les son las condiciones de uso del sitio web.<\/p>\n\n\n\n<p>Toda persona que acceda a este sitio web asume el papel de USUARIO, comprometi\u00e9ndose a la observancia y cumplimiento riguroso de las disposiciones aqu\u00ed dispuestas, as\u00ed como a cualquiera otra disposici\u00f3n legal que fuera de aplicaci\u00f3n.<\/p>\n\n\n\n<p><strong>CA\u00d1IZOS FAURA, S.L.<\/strong>, se reserva el derecho a modificar cualquier tipo de informaci\u00f3n que pudiera aparecer en el sitio web, sin que exista obligaci\u00f3n de preavisar o poner en conocimiento de los usuarios dichas obligaciones, entendi\u00e9ndose como suficiente con la publicaci\u00f3n en el sitio web de&nbsp;<strong>CA\u00d1IZOS FAURA, S.L.<\/strong>,<\/p>\n\n\n\n<h2 class=\"wp-block-heading\">2. DATOS IDENTIFICATIVOS<\/h2>\n\n\n\n<p>A continuaci\u00f3n, se indican los datos identificativos de la empresa titular de la presente web:<br><br><strong>CA\u00d1IZOS FAURA, S.L.<\/strong>, est\u00e1 inscrita en el Registro Mercantil de Alicante, Tomo 1534, Libro 0 Folio 170 secci\u00f3n 8, Hoja A18.176 inscripci\u00f3n 2.<br><strong>CA\u00d1IZOS FAURA, S.L.<\/strong>,<br><strong>CIF<\/strong>\u00a0B03299112<br>Pol. Ind. La Granadina, C\/ Espa\u00f1a N\u00ba 8. Finca Lo Gallego s\/n, N\u00ba 226 \u2013 03340 Albatera \u00a0\u2013 Alicante (ESPA\u00d1A)\u00a0<\/p>\n\n\n\n<p><br><strong>Tel\u00e9fono<\/strong>&nbsp;+34 96 548 77 80<br><strong>Email:<\/strong>&nbsp;info@cfaura.com<br><strong>Web:<\/strong>&nbsp;https:\/\/www.cfaura.com<\/p>\n\n\n\n<h2 class=\"wp-block-heading\"><strong>3. USO DEL PORTAL Y RESPONSABILIDAD<\/strong><\/h2>\n\n\n\n<p><strong>CA\u00d1IZOS FAURA, S.L.<\/strong>, a trav\u00e9s de su website proporciona el acceso a multitud de informaciones, servicios, programas o datos en Internet pertenecientes a&nbsp;<strong>CA\u00d1IZOS FAURA, S.L.<\/strong>&nbsp;o a sus licenciantes a los que el usuario pueda tener acceso. El USUARIO asume la responsabilidad del uso del portal. Dicha responsabilidad se extiende al registro que fuese necesario para acceder a determinados servicios o contenidos. En dicho registro el USUARIO ser\u00e1 responsable de aportar informaci\u00f3n veraz y l\u00edcita.<\/p>\n\n\n\n<p>Si el USUARIO es menor de edad, se requiere que cuente con el previo consentimiento de sus padres o tutores antes de proceder a la inclusi\u00f3n de sus datos personales en los formularios del presente website.&nbsp;<strong>CA\u00d1IZOS FAURA, S.L.<\/strong>&nbsp;se exime de cualquier responsabilidad por el incumplimiento de este requisito.<\/p>\n\n\n\n<p><strong>CA\u00d1IZOS FAURA, S.L.,<\/strong>&nbsp;se exime de cualquier tipo de responsabilidad derivada de la informaci\u00f3n publicada en su sitio web, siempre que esta informaci\u00f3n haya sido manipulada o introducida por un tercero ajeno al mismo.<\/p>\n\n\n\n<p>La website de&nbsp;<strong>CA\u00d1IZOS FAURA, S.L.<\/strong>&nbsp;puede utilizar cookies (peque\u00f1os archivos de informaci\u00f3n que el servidor env\u00eda al ordenador de quien accede a la p\u00e1gina) para llevar a cabo determinadas funciones que son consideradas imprescindibles para el correcto funcionamiento y visualizaci\u00f3n del sitio. Las cookies utilizadas en el sitio web tienen, en todo caso, car\u00e1cter temporal con la \u00fanica finalidad de hacer m\u00e1s eficaz su transmisi\u00f3n ulterior y desaparecen al terminar la sesi\u00f3n del usuario. En ning\u00fan caso se utilizar\u00e1n las cookies para recoger informaci\u00f3n de car\u00e1cter personal.<\/p>\n\n\n\n<p>Desde el sitio web del cliente es posible que se redirija a contenidos de terceros sitios web. Dado que&nbsp;<strong>CA\u00d1IZOS FAURA, S.L.<\/strong>&nbsp;no puede controlar siempre los contenidos introducidos por los terceros en sus sitios web, \u00e9ste no asume ning\u00fan tipo de responsabilidad respecto a dichos contenidos. En todo caso,<strong>CA\u00d1IZOS FAURA, S.L.<\/strong>&nbsp;manifiesta que proceder\u00e1 a la retirada inmediata de cualquier contenido que pudiera contravenir la legislaci\u00f3n nacional o internacional, la moral o el orden p\u00fablico, procediendo a la retirada inmediata de la redirecci\u00f3n a dicho sitio web, poniendo en conocimiento de las autoridades competentes el contenido en cuesti\u00f3n.<\/p>\n\n\n\n<p>El USUARIO se compromete a hacer un uso adecuado de los contenidos y servicios que&nbsp;<strong>CA\u00d1IZOS FAURA, S.L.<\/strong>&nbsp;ofrece a trav\u00e9s de su portal.<\/p>\n\n\n\n<p><strong>CA\u00d1IZOS FAURA, S.L.<\/strong>&nbsp;no se hace responsable de la informaci\u00f3n y contenidos almacenados, a t\u00edtulo enunciativo, pero no limitativo, en foros, chats, generadores de blogs, comentarios, redes sociales o cualquier otro medio que permita a terceros publicar contenidos de forma independiente en la p\u00e1gina web de&nbsp;<strong>CA\u00d1IZOS FAURA, S.L.<\/strong><\/p>\n\n\n\n<p>El USUARIO que desee establecer un hiperenlace en su sitio web al sitio web de&nbsp;<strong>CA\u00d1IZOS FAURA, S.L.<\/strong>&nbsp;no realizar\u00e1 un uso ilegal o contrario a la buena fe de las informaciones, servicios o productos puestos a disposici\u00f3n en el referido sitio web, concretamente el USUARIO que introduzca un hiperenlace o link se compromete a:<br>No destruir, da\u00f1ar o alterar de cualquier forma los contenidos, servicios o productos puestos a disposici\u00f3n del USUARIO en el sitio web de&nbsp;<strong>CA\u00d1IZOS FAURA, S.L.<\/strong><\/p>\n\n\n\n<p>No declarar que&nbsp;<strong>CA\u00d1IZOS FAURA, S.L.,<\/strong>&nbsp;asume la supervisi\u00f3n del hiperenlace o de los contenidos de la propia web del USUARIO que introduce un link al sitio web de&nbsp;<strong>CA\u00d1IZOS FAURA, S.L.<\/strong>&nbsp;en su propio sitio web.&nbsp;<strong>CA\u00d1IZOS FAURA, S.L.<\/strong>&nbsp;no ser\u00e1 responsable en ning\u00fan caso, de los contenidos o servicios de la web del USUARIO donde se incluya un hiperenlace o link al sitio web de&nbsp;<strong>CA\u00d1IZOS FAURA, S.L.<\/strong><br>No incluir en su propio sitio web la marca, nombre comercial o cualquier signo distintivo perteneciente a&nbsp;<strong>CA\u00d1IZOS FAURA, S.L.<\/strong>&nbsp;sin la previa autorizaci\u00f3n de la entidad.<\/p>\n\n\n\n<p>No obstante, y en cumplimiento de lo dispuesto en los art\u00edculos 11 y 16 de la LSSI-CE,&nbsp;<strong>CA\u00d1IZOS FAURA, S.L.<\/strong>&nbsp;pone a disposici\u00f3n de todos los usuarios, autoridades y fuerzas de seguridad, y colaborando de forma activa en la retirada o en su caso bloqueo de todos aquellos contenidos que pudieran afectar o contravenir la legislaci\u00f3n nacional, o internacional, derechos de terceros o la moral y el orden p\u00fablico. En caso de que el usuario considere que existe en el sitio web alg\u00fan contenido que pudiera ser susceptible de esta clasificaci\u00f3n, se ruega lo notifique de forma inmediata al administrador del sitio web.<\/p>\n\n\n\n<p>Este sitio web ha sido revisado y probado para que funcione correctamente; aunque puede ser desconectado o alterado sin previo aviso, no gener\u00e1ndose responsabilidad alguna para&nbsp;<strong>CA\u00d1IZOS FAURA, S.L.<\/strong>&nbsp;con el USUARIO o con terceras partes por tal motivo. Aunque, en principio, puede garantizarse el correcto funcionamiento los 365 d\u00edas del a\u00f1o, 24 horas al d\u00eda. No obstante,&nbsp;<strong>CA\u00d1IZOS FAURA, S.L.<\/strong>&nbsp;no descarta la posibilidad de que existan ciertos errores de programaci\u00f3n, o que acontezcan causas de fuerza mayor, cat\u00e1strofes naturales, huelgas, o circunstancias semejantes que hagan imposible el acceso a la p\u00e1gina web.<\/p>\n\n\n\n<h2 class=\"wp-block-heading\"><strong>4. PROTECCI\u00d3N DE DATOS PERSONALES.<\/strong><\/h2>\n\n\n\n<p><strong>CA\u00d1IZOS FAURA, S.L.<\/strong>&nbsp;se encuentra profundamente comprometido con el cumplimiento de la normativa espa\u00f1ola de protecci\u00f3n de datos de car\u00e1cter personal, y por ello vela por garantizar un correcto uso y tratamiento de los datos personales del usuario y garantiza el cumplimiento \u00edntegro de las obligaciones dispuestas, as\u00ed como la implementaci\u00f3n de las medidas de seguridad dispuestas en el Reglamento (UE) 2016\/679 del Parlamento Europeo y del Consejo, de 27 de abril de 2016, relativo a la protecci\u00f3n de las personas f\u00edsicas en lo que respecta al tratamiento de datos personales y a la libre circulaci\u00f3n de estos datos y por el que se deroga la Directiva 95\/46\/CE (Reglamento General de Protecci\u00f3n de Datos).<\/p>\n\n\n\n<p><strong>CA\u00d1IZOS FAURA, S.L.<\/strong>&nbsp;pone a disposici\u00f3n de los usuarios la Pol\u00edtica de Privacidad de la entidad informando a los usuarios respecto a los siguientes aspectos:<\/p>\n\n\n\n<p>\u2022 Datos del Responsable del tratamiento.<br>\u2022 Datos tratados.<br>\u2022 Fichero en el que se almacenan.<br>\u2022 Finalidad del tratamiento.<br>\u2022 Obligatoriedad o no de facilitarlos, as\u00ed como las consecuencias en caso de no facilitarlos.<br>\u2022 Sobre los derechos que asisten a todo usuario y el procedimiento para ejercitarlos.<\/p>\n\n\n\n<p>En cumplimiento del Reglamento General de Protecci\u00f3n de Datos le comunicamos que la informaci\u00f3n que ha facilitado pasar\u00e1 a formar parte de los ficheros automatizados de&nbsp;<strong>CA\u00d1IZOS FAURA, S.L.<\/strong>&nbsp;con la finalidad de la gesti\u00f3n administrativa de solicitudes de acceso y env\u00edo de nuestros productos y servicios, as\u00ed como de comunicaciones de su inter\u00e9s. Tiene derecho a acceder a esta informaci\u00f3n y cancelarla o rectificarla, dirigi\u00e9ndose al domicilio de la entidad. Esta entidad le garantiza la adopci\u00f3n de las medidas oportunas para asegurar el tratamiento confidencial de dichos datos.<\/p>\n\n\n\n<h2 class=\"wp-block-heading\"><strong>5. PROPIEDAD INTELECTUAL E INDUSTRIAL.<\/strong><\/h2>\n\n\n\n<p>La totalidad de esta website: texto, im\u00e1genes, marcas comerciales, logotipos, archivos de audio y video, botones, archivos de software, combinaciones de colores, as\u00ed como la estructura, selecci\u00f3n, ordenaci\u00f3n y presentaci\u00f3n de sus contenidos, se encuentra protegida por las leyes espa\u00f1olas e internacionales sobre propiedad intelectual e industrial. Asimismo, y sin perjuicio de lo anteriormente citado, el contenido de esta website tambi\u00e9n tiene la consideraci\u00f3n de programa de ordenador y le es de aplicaci\u00f3n toda la normativa espa\u00f1ola y comunitaria europea vigente sobre la materia. Queda expresamente prohibida la reproducci\u00f3n total o parcial de esta website ni de cualquiera de sus contenidos sin el permiso expreso y por escrito de&nbsp;<strong>CA\u00d1IZOS FAURA, S.L.<\/strong><\/p>\n\n\n\n<p><strong>CA\u00d1IZOS FAURA, S.L.<\/strong>&nbsp;por s\u00ed o como cesionaria, es titular de todos los derechos de propiedad intelectual e industrial de su p\u00e1gina web, incluyendo a t\u00edtulo enunciativo, pero no limitativo su programaci\u00f3n, edici\u00f3n, compilaci\u00f3n y dem\u00e1s elementos necesarios para su funcionamiento, software, marcas, logotipos, texto, estructura y dise\u00f1o, selecci\u00f3n de materiales usados, c\u00f3digo fuente (HTML y JavaScript) o en su caso dispone de licencia o autorizaci\u00f3n expresa por parte de los autores. Todos los contenidos del sitio web se encuentran debidamente protegidos por la normativa de propiedad intelectual e industrial, as\u00ed como inscritos en los registros p\u00fablicos correspondientes.<\/p>\n\n\n\n<p>El USUARIO se compromete a respetar los derechos de propiedad intelectual e industrial titularidad de&nbsp;<strong>CA\u00d1IZOS FAURA, S.L.<\/strong>&nbsp;Podr\u00e1 visualizar los elementos del portal e incluso imprimirlos, copiarlos y almacenarlos en el disco duro de su ordenador o en cualquier otro soporte f\u00edsico siempre y cuando sea, \u00fanica y exclusivamente, para su uso personal y privado.<\/p>\n\n\n\n<p>Los contenidos incorporados en el sitio web de&nbsp;<strong>CA\u00d1IZOS FAURA, S.L.<\/strong>&nbsp;han sido elaborados e incluidos por:<br>\u2022 La propia entidad<strong>CA\u00d1IZOS FAURA, S.L.<\/strong>&nbsp;utilizando fuentes internas y externas, de tal modo que&nbsp;<strong>CA\u00d1IZOS FAURA, S.L.<\/strong>&nbsp;\u00fanicamente se hace responsable por los contenidos elaborados de forma interna.<\/p>\n\n\n\n<p>\u2022 Los USUARIOS, a trav\u00e9s de colaboraciones o introducci\u00f3n voluntaria de contenidos, siendo estos los \u00fanicos responsables de los mismos y quedando expresamente exento&nbsp;<strong>CA\u00d1IZOS FAURA, S.L.<\/strong>&nbsp;de toda responsabilidad que se pueda derivar de los mismos.<\/p>\n\n\n\n<p>\u2022 Personas f\u00edsicas y jur\u00eddicas ajenas a&nbsp;<strong>CA\u00d1IZOS FAURA, S.L.<\/strong>&nbsp;bien a trav\u00e9s de colaboraciones que se insertan directamente en el sitio web, bien a trav\u00e9s de enlaces o links, siendo estas las \u00fanicas responsables de los contenidos as\u00ed introducidos y quedando expresamente exento&nbsp;<strong>CA\u00d1IZOS FAURA, S.L.<\/strong>&nbsp;de toda responsabilidad en los t\u00e9rminos que especifica la legislaci\u00f3n espa\u00f1ola.<\/p>\n\n\n\n<h2 class=\"wp-block-heading\"><strong>6. DERECHO DE EXCLUSI\u00d3N.<\/strong><\/h2>\n\n\n\n<p><strong>CA\u00d1IZOS FAURA, S.L.<\/strong>\u00a0se reserva el derecho a denegar o retirar el acceso al portal y\/o los servicios ofrecidos sin necesidad de preaviso, a instancia propia o de un tercero, a aquellos usuarios que incumplan los presentes preceptos.<\/p>\n\n\n\n<h2 class=\"wp-block-heading\"><strong>7. GENERALIDADES.<\/strong><\/h2>\n\n\n\n<p><strong>CA\u00d1IZOS FAURA, S.L.<\/strong>\u00a0perseguir\u00e1 el incumplimiento de las presentes condiciones, as\u00ed como cualquier utilizaci\u00f3n indebida de su portal ejerciendo todas las acciones civiles y penales que le puedan corresponder en derecho<\/p>\n\n\n\n<h2 class=\"wp-block-heading\"><strong>8. RESOLUCI\u00d3N DE CONTROVERSIAS Y LEY APLICABLE.<\/strong><\/h2>\n\n\n\n<p>Para la resoluci\u00f3n de todas las controversias o cuestiones relacionadas con el presente sitio web o de las actividades en \u00e9l desarrolladas, ser\u00e1 de aplicaci\u00f3n la legislaci\u00f3n espa\u00f1ola, a la que se someten expresamente\u00a0<strong>CA\u00d1IZOS FAURA, S.L.<\/strong>\u00a0y el USUARIO, siendo competentes para la resoluci\u00f3n de todos los conflictos derivados o relacionados con su uso la Corte de Arbitraje de Alicante (Espa\u00f1a), con sede en la C\u00e1mara Oficial de Comercio, Industria y Navegaci\u00f3n de Alicante (Espa\u00f1a) a la que se encomienda la administraci\u00f3n del arbitraje y la designaci\u00f3n de los \u00e1rbitros, de acuerdo con su Reglamento y Estatutos, que resolver\u00e1 aplicando la ley espa\u00f1ola.<\/p>\n\n\n\n<h2 class=\"wp-block-heading\"><strong>9. USO NO AUTORIZADO.<\/strong><\/h2>\n\n\n\n<p>Si es menor de 18 a\u00f1os, debe informar a sus padres o tutores sobre la Pol\u00edtica de Privacidad de&nbsp;<strong>CA\u00d1IZOS FAURA, S.L.<\/strong>&nbsp;sobre los T\u00e9rminos y Condiciones, quienes deber\u00e1n aprobar la Pol\u00edtica de Privacidad y los T\u00e9rminos y Condiciones.<\/p>\n\n\n\n<p>Como usuario de este sitio web se compromete a no hacer uso del mismo para fines o actividades ilegales: no tendr\u00e1 derecho a modificar cualesquiera de los materiales incorporados en nuestra web, as\u00ed mismo no podr\u00e1 copiar, distribuir, transmitir, presentar, realizar, o en general, reproducir de cualquier modo, publicar, autorizar o crear cualquier trabajo en base a la informaci\u00f3n o el contenido incorporado en nuestro sitio web&nbsp;https:\/\/www.cfaura.com. Sus agentes, directivos, filiales, empleados.<\/p>\n\n\n\n<h2 class=\"wp-block-heading\"><strong><strong>10. MODIFICACIONES.<\/strong><\/strong><\/h2>\n\n\n\n<p>Nuestro sitio web puede contener algunos errores tipogr\u00e1ficos. Nos reservamos el derecho a modificar el contenido de la web sin previa notificaci\u00f3n.<\/p>\n\n\n\n<p><\/p>\n\n\n\n<h2 class=\"wp-block-heading\"><strong><strong><strong>11. GARANT\u00cdAS Y LIMITACI\u00d3N DE RESPONSABILIDAD.<\/strong>.<\/strong><\/strong><\/h2>\n\n\n\n<p><strong>CA\u00d1IZOS FAURA, S.L.<\/strong>\u00a0renuncia a todas las garant\u00edas expresas o impl\u00edcitas, incluidas -pero sin limitarse a ellas- las garant\u00edas impl\u00edcitas de adecuaci\u00f3n para la comercializaci\u00f3n y de adecuaci\u00f3n para un fin particular.\u00a0<strong>CA\u00d1IZOS FAURA, S.L.<\/strong>\u00a0no asume ninguna responsabilidad legal sobre da\u00f1os ejemplares, emergentes, punitivos, fortuitos, indirectos o especiales relacionados con este sitio web o que se deriven del mismo, tengan o no las partes conocimiento, real o impl\u00edcito, de los da\u00f1os en los que puedan incurrir.<\/p>\n\n\n\n<p><\/p>\n","protected":false},"excerpt":{"rendered":"<p>1. OBJETO CA\u00d1IZOS FAURA, S.L., es responsable de web. Por medio del presente documento, pone a disposici\u00f3n de los usuarios la presente informaci\u00f3n para dar cumplimiento a las obligaciones dispuestas en la Ley 34\/2002, de Servicios de la Sociedad de la Informaci\u00f3n y del Comercio Electr\u00f3nico (LSSI-CE), as\u00ed como informar a todos los usuarios del sitio web respecto a cu\u00e1les son las condiciones de uso del sitio web. Toda persona que acceda a este sitio web asume el papel de USUARIO, comprometi\u00e9ndose a la observancia y cumplimiento riguroso de las disposiciones aqu\u00ed dispuestas, as\u00ed como a cualquiera otra disposici\u00f3n legal que fuera de aplicaci\u00f3n. CA\u00d1IZOS FAURA, S.L., se reserva el derecho a modificar cualquier tipo de informaci\u00f3n que pudiera aparecer en el sitio web, sin que exista obligaci\u00f3n de preavisar o poner en conocimiento de los usuarios dichas obligaciones, entendi\u00e9ndose como suficiente con la publicaci\u00f3n en el sitio web de&nbsp;CA\u00d1IZOS FAURA, S.L., 2. DATOS IDENTIFICATIVOS A continuaci\u00f3n, se indican los datos identificativos de la empresa titular de la presente web: CA\u00d1IZOS FAURA, S.L., est\u00e1 inscrita en el Registro Mercantil de Alicante, Tomo 1534, Libro 0 Folio 170 secci\u00f3n 8, Hoja A18.176 inscripci\u00f3n 2.CA\u00d1IZOS FAURA, S.L.,CIF\u00a0B03299112Pol. Ind. La Granadina, C\/ Espa\u00f1a N\u00ba 8. Finca Lo Gallego s\/n, N\u00ba 226 \u2013 03340 Albatera \u00a0\u2013 Alicante (ESPA\u00d1A)\u00a0 Tel\u00e9fono&nbsp;+34 96 548 77 80Email:&nbsp;info@cfaura.comWeb:&nbsp;https:\/\/www.cfaura.com 3. USO DEL PORTAL Y RESPONSABILIDAD CA\u00d1IZOS FAURA, S.L., a trav\u00e9s de su website proporciona el acceso a multitud de informaciones, servicios, programas o datos en Internet pertenecientes a&nbsp;CA\u00d1IZOS FAURA, S.L.&nbsp;o a sus licenciantes a los que el usuario pueda tener acceso. El USUARIO asume la responsabilidad del uso del portal. Dicha responsabilidad se extiende al registro que fuese necesario para acceder a determinados servicios o contenidos. En dicho registro el USUARIO ser\u00e1 responsable de aportar informaci\u00f3n veraz y l\u00edcita. Si el USUARIO es menor de edad, se requiere que cuente con el previo consentimiento de sus padres o tutores antes de proceder a la inclusi\u00f3n de sus datos personales en los formularios del presente website.&nbsp;CA\u00d1IZOS FAURA, S.L.&nbsp;se exime de cualquier responsabilidad por el incumplimiento de este requisito. CA\u00d1IZOS FAURA, S.L.,&nbsp;se exime de cualquier tipo de responsabilidad derivada de la informaci\u00f3n publicada en su sitio web, siempre que esta informaci\u00f3n haya sido manipulada o introducida por un tercero ajeno al mismo. La website de&nbsp;CA\u00d1IZOS FAURA, S.L.&nbsp;puede utilizar cookies (peque\u00f1os archivos de informaci\u00f3n que el servidor env\u00eda al ordenador de quien accede a la p\u00e1gina) para llevar a cabo determinadas funciones que son consideradas imprescindibles para el correcto funcionamiento y visualizaci\u00f3n del sitio. Las cookies utilizadas en el sitio web tienen, en todo caso, car\u00e1cter temporal con la \u00fanica finalidad de hacer m\u00e1s eficaz su transmisi\u00f3n ulterior y desaparecen al terminar la sesi\u00f3n del usuario. En ning\u00fan caso se utilizar\u00e1n las cookies para recoger informaci\u00f3n de car\u00e1cter personal. Desde el sitio web del cliente es posible que se redirija a contenidos de terceros sitios web. Dado que&nbsp;CA\u00d1IZOS FAURA, S.L.&nbsp;no puede controlar siempre los contenidos introducidos por los terceros en sus sitios web, \u00e9ste no asume ning\u00fan tipo de responsabilidad respecto a dichos contenidos. En todo caso,CA\u00d1IZOS FAURA, S.L.&nbsp;manifiesta que proceder\u00e1 a la retirada inmediata de cualquier contenido que pudiera contravenir la legislaci\u00f3n nacional o internacional, la moral o el orden p\u00fablico, procediendo a la retirada inmediata de la redirecci\u00f3n a dicho sitio web, poniendo en conocimiento de las autoridades competentes el contenido en cuesti\u00f3n. El USUARIO se compromete a hacer un uso adecuado de los contenidos y servicios que&nbsp;CA\u00d1IZOS FAURA, S.L.&nbsp;ofrece a trav\u00e9s de su portal. CA\u00d1IZOS FAURA, S.L.&nbsp;no se hace responsable de la informaci\u00f3n y contenidos almacenados, a t\u00edtulo enunciativo, pero no limitativo, en foros, chats, generadores de blogs, comentarios, redes sociales o cualquier otro medio que permita a terceros publicar contenidos de forma independiente en la p\u00e1gina web de&nbsp;CA\u00d1IZOS FAURA, S.L. El USUARIO que desee establecer un hiperenlace en su sitio web al sitio web de&nbsp;CA\u00d1IZOS FAURA, S.L.&nbsp;no realizar\u00e1 un uso ilegal o contrario a la buena fe de las informaciones, servicios o productos puestos a disposici\u00f3n en el referido sitio web, concretamente el USUARIO que introduzca un hiperenlace o link se compromete a:No destruir, da\u00f1ar o alterar de cualquier forma los contenidos, servicios o productos puestos a disposici\u00f3n del USUARIO en el sitio web de&nbsp;CA\u00d1IZOS FAURA, S.L. No declarar que&nbsp;CA\u00d1IZOS FAURA, S.L.,&nbsp;asume la supervisi\u00f3n del hiperenlace o de los contenidos de la propia web del USUARIO que introduce un link al sitio web de&nbsp;CA\u00d1IZOS FAURA, S.L.&nbsp;en su propio sitio web.&nbsp;CA\u00d1IZOS FAURA, S.L.&nbsp;no ser\u00e1 responsable en ning\u00fan caso, de los contenidos o servicios de la web del USUARIO donde se incluya un hiperenlace o link al sitio web de&nbsp;CA\u00d1IZOS FAURA, S.L.No incluir en su propio sitio web la marca, nombre comercial o cualquier signo distintivo perteneciente a&nbsp;CA\u00d1IZOS FAURA, S.L.&nbsp;sin la previa autorizaci\u00f3n de la entidad. No obstante, y en cumplimiento de lo dispuesto en los art\u00edculos 11 y 16 de la LSSI-CE,&nbsp;CA\u00d1IZOS FAURA, S.L.&nbsp;pone a disposici\u00f3n de todos los usuarios, autoridades y fuerzas de seguridad, y colaborando de forma activa en la retirada o en su caso bloqueo de todos aquellos contenidos que pudieran afectar o contravenir la legislaci\u00f3n nacional, o internacional, derechos de terceros o la moral y el orden p\u00fablico. En caso de que el usuario considere que existe en el sitio web alg\u00fan contenido que pudiera ser susceptible de esta clasificaci\u00f3n, se ruega lo notifique de forma inmediata al administrador del sitio web. Este sitio web ha sido revisado y probado para que funcione correctamente; aunque puede ser desconectado o alterado sin previo aviso, no gener\u00e1ndose responsabilidad alguna para&nbsp;CA\u00d1IZOS FAURA, S.L.&nbsp;con el USUARIO o con terceras partes por tal motivo. Aunque, en principio, puede garantizarse el correcto funcionamiento los 365 d\u00edas del a\u00f1o, 24 horas al d\u00eda. No obstante,&nbsp;CA\u00d1IZOS FAURA, S.L.&nbsp;no descarta la posibilidad de que existan ciertos errores de programaci\u00f3n, o que acontezcan causas de fuerza mayor, cat\u00e1strofes naturales, huelgas, o circunstancias semejantes que hagan imposible el acceso a la p\u00e1gina web. 4. PROTECCI\u00d3N DE DATOS PERSONALES. CA\u00d1IZOS FAURA, S.L.&nbsp;se encuentra profundamente comprometido con el&#8230;<\/p>\n","protected":false},"author":1,"featured_media":0,"parent":0,"menu_order":0,"comment_status":"closed","ping_status":"closed","template":"","meta":{"_bst_post_transparent":"","_bst_post_title":"","_bst_post_layout":"","_bst_post_sidebar_id":"","_bst_post_content_style":"","_bst_post_vertical_padding":"","_bst_post_feature":"","_bst_post_feature_position":"","_bst_post_header":false,"_bst_post_footer":false,"footnotes":""},"class_list":["post-3","page","type-page","status-publish","hentry"],"_links":{"self":[{"href":"https:\/\/www.cfaura.com\/wp-json\/wp\/v2\/pages\/3","targetHints":{"allow":["GET"]}}],"collection":[{"href":"https:\/\/www.cfaura.com\/wp-json\/wp\/v2\/pages"}],"about":[{"href":"https:\/\/www.cfaura.com\/wp-json\/wp\/v2\/types\/page"}],"author":[{"embeddable":true,"href":"https:\/\/www.cfaura.com\/wp-json\/wp\/v2\/users\/1"}],"replies":[{"embeddable":true,"href":"https:\/\/www.cfaura.com\/wp-json\/wp\/v2\/comments?post=3"}],"version-history":[{"count":3,"href":"https:\/\/www.cfaura.com\/wp-json\/wp\/v2\/pages\/3\/revisions"}],"predecessor-version":[{"id":1961,"href":"https:\/\/www.cfaura.com\/wp-json\/wp\/v2\/pages\/3\/revisions\/1961"}],"wp:attachment":[{"href":"https:\/\/www.cfaura.com\/wp-json\/wp\/v2\/media?parent=3"}],"curies":[{"name":"wp","href":"https:\/\/api.w.org\/{rel}","templated":true}]}}